{"id":5782,"date":"2024-12-09T20:19:34","date_gmt":"2024-12-09T19:19:34","guid":{"rendered":"https:\/\/cepaac.org\/?page_id=5782"},"modified":"2024-12-12T21:43:45","modified_gmt":"2024-12-12T20:43:45","slug":"colecciones","status":"publish","type":"page","link":"https:\/\/cepaac.org\/?page_id=5782","title":{"rendered":"Colecciones"},"content":{"rendered":"<p>[et_pb_section fb_built=&#8221;1&#8243; _builder_version=&#8221;4.27.4&#8243; _module_preset=&#8221;default&#8221; background_color=&#8221;#000000&#8243; background_enable_image=&#8221;off&#8221; global_colors_info=&#8221;{}&#8221;][et_pb_row _builder_version=&#8221;4.27.4&#8243; _module_preset=&#8221;default&#8221; global_colors_info=&#8221;{}&#8221;][et_pb_column type=&#8221;4_4&#8243; _builder_version=&#8221;4.27.4&#8243; _module_preset=&#8221;default&#8221; global_colors_info=&#8221;{}&#8221;][et_pb_text _builder_version=&#8221;4.27.4&#8243; _module_preset=&#8221;default&#8221; header_font=&#8221;Poppins||||||||&#8221; header_text_align=&#8221;center&#8221; header_text_color=&#8221;#FFFFFF&#8221; header_font_size=&#8221;3vw&#8221; header_font_size_tablet=&#8221;6vw&#8221; header_font_size_phone=&#8221;12vw&#8221; header_font_size_last_edited=&#8221;on|phone&#8221; global_colors_info=&#8221;{}&#8221;]<\/p>\n<h1>Colecciones<\/h1>\n<p>[\/et_pb_text][\/et_pb_column][\/et_pb_row][et_pb_row column_structure=&#8221;1_2,1_2&#8243; _builder_version=&#8221;4.27.4&#8243; _module_preset=&#8221;default&#8221; hover_enabled=&#8221;0&#8243; global_colors_info=&#8221;{}&#8221; use_custom_gutter=&#8221;on&#8221; gutter_width=&#8221;2&#8243; make_equal=&#8221;on&#8221; max_width=&#8221;80%&#8221; sticky_enabled=&#8221;0&#8243;][et_pb_column type=&#8221;1_2&#8243; _builder_version=&#8221;4.27.4&#8243; _module_preset=&#8221;default&#8221; use_background_color_gradient=&#8221;on&#8221; background_color_gradient_stops=&#8221;rgba(255,255,255,0) 0%|#000000 78%&#8221; background_color_gradient_overlays_image=&#8221;on&#8221; background_image=&#8221;https:\/\/cepaac.org\/wp-content\/uploads\/2024\/12\/bg2.png&#8221; transform_translate_linked__hover=&#8221;off&#8221; custom_padding=&#8221;300px|20px|15px|20px|false|true&#8221; custom_padding_tablet=&#8221;200px|20px|15px|20px|false|true&#8221; custom_padding_phone=&#8221;200px|20px|15px|20px|false|true&#8221; custom_padding_last_edited=&#8221;on|tablet&#8221; border_radii=&#8221;on|10px|10px|10px|10px&#8221; global_colors_info=&#8221;{}&#8221; transform_styles__hover_enabled=&#8221;on|hover&#8221; transform_scale__hover_enabled=&#8221;on|hover&#8221; transform_translate__hover_enabled=&#8221;on|desktop&#8221; transform_rotate__hover_enabled=&#8221;on|desktop&#8221; transform_skew__hover_enabled=&#8221;on|desktop&#8221; transform_origin__hover_enabled=&#8221;on|desktop&#8221; transform_translate__hover=&#8221;0px|-5px&#8221;][et_pb_text _builder_version=&#8221;4.27.4&#8243; _module_preset=&#8221;default&#8221; header_2_font=&#8221;Poppins|600|||||||&#8221; header_2_text_align=&#8221;left&#8221; header_2_text_color=&#8221;#FFFFFF&#8221; header_2_font_size=&#8221;2vw&#8221; header_2_font_size_tablet=&#8221;4vw&#8221; header_2_font_size_phone=&#8221;6vw&#8221; header_2_font_size_last_edited=&#8221;on|desktop&#8221; global_colors_info=&#8221;{}&#8221;]<\/p>\n<h2>ProMedios<\/h2>\n<p>[\/et_pb_text][et_pb_text _builder_version=&#8221;4.27.4&#8243; _module_preset=&#8221;default&#8221; text_font=&#8221;Poppins||||||||&#8221; text_text_color=&#8221;#FFFFFF&#8221; text_font_size=&#8221;0.9vw&#8221; hover_enabled=&#8221;0&#8243; text_font_size_tablet=&#8221;2vw&#8221; text_font_size_phone=&#8221;4vw&#8221; text_font_size_last_edited=&#8221;on|phone&#8221; global_colors_info=&#8221;{}&#8221; theme_builder_area=&#8221;post_content&#8221; sticky_enabled=&#8221;0&#8243;]<\/p>\n<p style=\"text-align: justify;\">La colecci\u00f3n de ProMedios se est\u00e1 compuesta por las filmaciones realizadas por los miembros del colectivo y sus voluntarios mientras se acompa\u00f1\u00f3 el proceso de capacitaci\u00f3n con los pueblos zapatistas y a la sociedad civil de Chiapas en m\u00faltiples acciones tanto p\u00fablicas como privadas.<\/p>\n<p>&nbsp;<\/p>\n<p>[\/et_pb_text][\/et_pb_column][et_pb_column type=&#8221;1_2&#8243; _builder_version=&#8221;4.27.4&#8243; _module_preset=&#8221;default&#8221; use_background_color_gradient=&#8221;on&#8221; background_color_gradient_stops=&#8221;rgba(255,255,255,0) 0%|#000000 78%&#8221; background_color_gradient_overlays_image=&#8221;on&#8221; background_image=&#8221;https:\/\/cepaac.org\/wp-content\/uploads\/2024\/12\/alexandra.png&#8221; background_position=&#8221;bottom_right&#8221; transform_translate_linked__hover=&#8221;off&#8221; custom_padding=&#8221;300px|20px|0px|20px|false|true&#8221; custom_padding_tablet=&#8221;200px|20px|15px|20px|false|true&#8221; custom_padding_phone=&#8221;200px|20px|15px|20px|false|true&#8221; custom_padding_last_edited=&#8221;on|tablet&#8221; border_radii=&#8221;on|10px|10px|10px|10px&#8221; global_colors_info=&#8221;{}&#8221; transform_styles__hover_enabled=&#8221;on|hover&#8221; transform_scale__hover_enabled=&#8221;on|hover&#8221; transform_translate__hover_enabled=&#8221;on|desktop&#8221; transform_rotate__hover_enabled=&#8221;on|desktop&#8221; transform_skew__hover_enabled=&#8221;on|desktop&#8221; transform_origin__hover_enabled=&#8221;on|desktop&#8221; transform_translate__hover=&#8221;0px|-5px&#8221;][et_pb_text _builder_version=&#8221;4.27.4&#8243; _module_preset=&#8221;default&#8221; header_2_font=&#8221;Poppins|600|||||||&#8221; header_2_text_align=&#8221;left&#8221; header_2_text_color=&#8221;#FFFFFF&#8221; header_2_font_size=&#8221;2vw&#8221; header_2_font_size_tablet=&#8221;4vw&#8221; header_2_font_size_phone=&#8221;6vw&#8221; header_2_font_size_last_edited=&#8221;on|desktop&#8221; global_colors_info=&#8221;{}&#8221;]<\/p>\n<h2>Alexandra Halkin<\/h2>\n<p>[\/et_pb_text][et_pb_text _builder_version=&#8221;4.27.4&#8243; _module_preset=&#8221;default&#8221; text_font=&#8221;Poppins||||||||&#8221; text_text_color=&#8221;#FFFFFF&#8221; text_font_size=&#8221;0.9vw&#8221; hover_enabled=&#8221;0&#8243; text_font_size_tablet=&#8221;2vw&#8221; text_font_size_phone=&#8221;4vw&#8221; text_font_size_last_edited=&#8221;on|phone&#8221; global_colors_info=&#8221;{}&#8221; theme_builder_area=&#8221;post_content&#8221; sticky_enabled=&#8221;0&#8243;]<\/p>\n<p style=\"text-align: justify;\">La colecci\u00f3n de Alexandra Halking es un componente complementario al de promedios pues ella siendo fundadora de la organizaci\u00f3n tiene un proceso como realizadora previo al arranque del proyecto promedios<\/p>\n<p>&nbsp;<\/p>\n<p>[\/et_pb_text][\/et_pb_column][\/et_pb_row][\/et_pb_section]<\/p>\n","protected":false},"excerpt":{"rendered":"<p>ColeccionesProMediosLa colecci\u00f3n de ProMedios se est\u00e1 compuesta por las filmaciones realizadas por los miembros del colectivo y sus voluntarios mientras se acompa\u00f1\u00f3 el proceso de capacitaci\u00f3n con los pueblos zapatistas y a la sociedad civil de Chiapas en m\u00faltiples acciones tanto p\u00fablicas como privadas. &nbsp;Alexandra HalkinLa colecci\u00f3n de Alexandra Halking es un componente complementario al [&hellip;]<\/p>\n","protected":false},"author":1,"featured_media":0,"parent":0,"menu_order":0,"comment_status":"closed","ping_status":"closed","template":"","meta":{"_et_pb_use_builder":"on","_et_pb_old_content":"<!-- wp:divi\/placeholder \/-->","_et_gb_content_width":"","footnotes":""},"class_list":["post-5782","page","type-page","status-publish","hentry"],"_links":{"self":[{"href":"https:\/\/cepaac.org\/index.php?rest_route=\/wp\/v2\/pages\/5782","targetHints":{"allow":["GET"]}}],"collection":[{"href":"https:\/\/cepaac.org\/index.php?rest_route=\/wp\/v2\/pages"}],"about":[{"href":"https:\/\/cepaac.org\/index.php?rest_route=\/wp\/v2\/types\/page"}],"author":[{"embeddable":true,"href":"https:\/\/cepaac.org\/index.php?rest_route=\/wp\/v2\/users\/1"}],"replies":[{"embeddable":true,"href":"https:\/\/cepaac.org\/index.php?rest_route=%2Fwp%2Fv2%2Fcomments&post=5782"}],"version-history":[{"count":7,"href":"https:\/\/cepaac.org\/index.php?rest_route=\/wp\/v2\/pages\/5782\/revisions"}],"predecessor-version":[{"id":5817,"href":"https:\/\/cepaac.org\/index.php?rest_route=\/wp\/v2\/pages\/5782\/revisions\/5817"}],"wp:attachment":[{"href":"https:\/\/cepaac.org\/index.php?rest_route=%2Fwp%2Fv2%2Fmedia&parent=5782"}],"curies":[{"name":"wp","href":"https:\/\/api.w.org\/{rel}","templated":true}]}}